{"id":4975,"date":"2023-01-26T18:46:39","date_gmt":"2023-01-26T17:46:39","guid":{"rendered":"https:\/\/www.condorsonqo.com\/journeys-retreats\/"},"modified":"2025-03-23T19:56:42","modified_gmt":"2025-03-23T18:56:42","slug":"journeys-retreats","status":"publish","type":"page","link":"https:\/\/www.condorsonqo.com\/en\/journeys-retreats\/","title":{"rendered":"Journeys &amp; retreats"},"content":{"rendered":"<p>[et_pb_section fb_built=&#8221;1&#8243; _builder_version=&#8221;4.16&#8243; _dynamic_attributes=&#8221;background_image&#8221; _module_preset=&#8221;default&#8221; background_image=&#8221;@ET-DC@eyJkeW5hbWljIjp0cnVlLCJjb250ZW50IjoicG9zdF9mZWF0dXJlZF9pbWFnZSIsInNldHRpbmdzIjp7fX0=@&#8221; parallax=&#8221;on&#8221; min_height=&#8221;600px&#8221; min_height_tablet=&#8221;400px&#8221; min_height_phone=&#8221;300px&#8221; min_height_last_edited=&#8221;on|phone&#8221; saved_tabs=&#8221;all&#8221; global_colors_info=&#8221;{}&#8221;][et_pb_row custom_padding_last_edited=&#8221;on|phone&#8221; _builder_version=&#8221;4.16&#8243; _module_preset=&#8221;default&#8221; background_color=&#8221;rgba(0,0,0,0.6)&#8221; width_tablet=&#8221;80%&#8221; width_phone=&#8221;90%&#8221; width_last_edited=&#8221;on|phone&#8221; max_width=&#8221;800px&#8221; max_width_tablet=&#8221;100vw&#8221; max_width_phone=&#8221;&#8221; max_width_last_edited=&#8221;on|tablet&#8221; custom_margin=&#8221;100px||100px||false|false&#8221; custom_margin_tablet=&#8221;75px||75px||false|false&#8221; custom_margin_phone=&#8221;50px||50px||false|false&#8221; custom_margin_last_edited=&#8221;on|phone&#8221; custom_padding=&#8221;60px|75px|60px|75px|false|true&#8221; custom_padding_tablet=&#8221;|50px||50px|false|true&#8221; custom_padding_phone=&#8221;|30px||30px|false|true&#8221; global_colors_info=&#8221;{}&#8221;][et_pb_column type=&#8221;4_4&#8243; _builder_version=&#8221;4.16&#8243; _module_preset=&#8221;default&#8221; global_colors_info=&#8221;{}&#8221;][et_pb_post_title meta=&#8221;off&#8221; featured_image=&#8221;off&#8221; _builder_version=&#8221;4.16&#8243; _module_preset=&#8221;default&#8221; title_level=&#8221;h2&#8243; title_text_align=&#8221;center&#8221; title_text_color=&#8221;#FFFFFF&#8221; title_font_size=&#8221;45px&#8221; title_font_size_tablet=&#8221;&#8221; title_font_size_phone=&#8221;40px&#8221; title_font_size_last_edited=&#8221;on|desktop&#8221; global_colors_info=&#8221;{}&#8221;][\/et_pb_post_title][et_pb_text _builder_version=&#8221;4.25.2&#8243; _dynamic_attributes=&#8221;content&#8221; _module_preset=&#8221;default&#8221; text_font_size=&#8221;18px&#8221; text_line_height=&#8221;1.4em&#8221; header_line_height=&#8221;30px&#8221; text_orientation=&#8221;center&#8221; background_layout=&#8221;dark&#8221; custom_margin=&#8221;||0px||false|false&#8221; custom_padding=&#8221;||0px||false|false&#8221; text_font_size_tablet=&#8221;&#8221; text_font_size_phone=&#8221;16px&#8221; text_font_size_last_edited=&#8221;on|tablet&#8221; global_colors_info=&#8221;{}&#8221;]@ET-DC@eyJkeW5hbWljIjp0cnVlLCJjb250ZW50IjoicG9zdF9leGNlcnB0Iiwic2V0dGluZ3MiOnsiYmVmb3JlIjoiIiwiYWZ0ZXIiOiIiLCJ3b3JkcyI6IiIsInJlYWRfbW9yZV9sYWJlbCI6IiJ9fQ==@[\/et_pb_text][\/et_pb_column][\/et_pb_row][\/et_pb_section][et_pb_section fb_built=&#8221;1&#8243; _builder_version=&#8221;4.27.4&#8243; _module_preset=&#8221;default&#8221; background_color=&#8221;#0F4C64&#8243; background_enable_image=&#8221;off&#8221; background_position=&#8221;top_left&#8221; top_divider_color=&#8221;#ABCCF8&#8243; top_divider_height=&#8221;100%&#8221; bottom_divider_color=&#8221;#ABCCF8&#8243; bottom_divider_height=&#8221;70%&#8221; hover_enabled=&#8221;0&#8243; global_colors_info=&#8221;{}&#8221; sticky_enabled=&#8221;0&#8243;][et_pb_row column_structure=&#8221;1_2,1_2&#8243; disabled_on=&#8221;off|off|off&#8221; _builder_version=&#8221;4.20.2&#8243; _module_preset=&#8221;default&#8221; width_tablet=&#8221;80%&#8221; width_phone=&#8221;90%&#8221; width_last_edited=&#8221;on|phone&#8221; max_width_tablet=&#8221;100vw&#8221; max_width_phone=&#8221;100vw&#8221; max_width_last_edited=&#8221;on|desktop&#8221; custom_padding=&#8221;20px||20px||true|false&#8221; global_colors_info=&#8221;{}&#8221;][et_pb_column type=&#8221;1_2&#8243; _builder_version=&#8221;4.16&#8243; _module_preset=&#8221;default&#8221; background_color=&#8221;#FFFFFF&#8221; custom_padding=&#8221;40px|40px|40px|40px|true|true&#8221; custom_padding_tablet=&#8221;40px|40px|40px|40px|true|true&#8221; custom_padding_phone=&#8221;30px|30px|30px|30px|true|true&#8221; custom_padding_last_edited=&#8221;on|phone&#8221; box_shadow_style=&#8221;preset2&#8243; box_shadow_horizontal=&#8221;10px&#8221; box_shadow_vertical=&#8221;10px&#8221; box_shadow_blur=&#8221;30px&#8221; global_colors_info=&#8221;{}&#8221;][et_pb_image src=&#8221;https:\/\/www.condorsonqo.com\/wp-content\/uploads\/2023\/01\/Paqo_Apu_Qero_Medicine.png&#8221; title_text=&#8221;Paqo_Apu_Qero_Medicine&#8221; _builder_version=&#8221;4.20.2&#8243; _module_preset=&#8221;default&#8221; min_height=&#8221;319.3px&#8221; global_colors_info=&#8221;{}&#8221;][\/et_pb_image][et_pb_text _builder_version=&#8221;4.20.2&#8243; _module_preset=&#8221;8d13f472-036b-450d-ba8d-3f25b51af669&#8243; global_colors_info=&#8221;{}&#8221;]<\/p>\n<p>Sacred Journeys to Peru<\/p>\n<p>[\/et_pb_text][et_pb_text _builder_version=&#8221;4.19.5&#8243; _module_preset=&#8221;9db863af-f8b9-4af8-b673-53e479d538c9&#8243; min_height=&#8221;99px&#8221; custom_margin=&#8221;||51px|||&#8221; global_colors_info=&#8221;{}&#8221;]<\/p>\n<p>Travel to the very source of the tradition on the trip of a lifetime to the sacred Andes and the home of the qer&#8217;o people and paqos.<\/p>\n<p>We welcome you!<\/p>\n<p>[\/et_pb_text][et_pb_button button_url=&#8221;https:\/\/www.condorsonqo.com\/om\/heliga-resor-till-peru\/&#8221; button_text=&#8221;Read more&#8221; _builder_version=&#8221;4.20.2&#8243; _module_preset=&#8221;default&#8221; global_colors_info=&#8221;{}&#8221;][\/et_pb_button][\/et_pb_column][et_pb_column type=&#8221;1_2&#8243; _builder_version=&#8221;4.16&#8243; _module_preset=&#8221;default&#8221; background_color=&#8221;#FFFFFF&#8221; custom_padding=&#8221;40px|40px|40px|40px|true|true&#8221; custom_padding_tablet=&#8221;40px|40px|40px|40px|true|true&#8221; custom_padding_phone=&#8221;30px|30px|30px|30px|true|true&#8221; custom_padding_last_edited=&#8221;on|phone&#8221; box_shadow_style=&#8221;preset2&#8243; box_shadow_horizontal=&#8221;10px&#8221; box_shadow_vertical=&#8221;10px&#8221; box_shadow_blur=&#8221;30px&#8221; global_colors_info=&#8221;{}&#8221;][et_pb_image src=&#8221;https:\/\/www.condorsonqo.com\/wp-content\/uploads\/2023\/01\/Qero_Medicine_together.png&#8221; title_text=&#8221;Qero_Medicine_together&#8221; align=&#8221;center&#8221; force_fullwidth=&#8221;on&#8221; _builder_version=&#8221;4.23.1&#8243; _module_preset=&#8221;default&#8221; min_height=&#8221;239.1px&#8221; custom_padding=&#8221;||60px|||&#8221; global_colors_info=&#8221;{}&#8221;][\/et_pb_image][et_pb_text _builder_version=&#8221;4.23.1&#8243; _module_preset=&#8221;8d13f472-036b-450d-ba8d-3f25b51af669&#8243; global_colors_info=&#8221;{}&#8221;]<\/p>\n<p>WINTER SOLSTICE IN SUNDSVALL: A MAGICAL EVENING WITH CEREMONY, INNER JOURNEYS AND MEDITATION<\/p>\n<p>[\/et_pb_text][et_pb_text _builder_version=&#8221;4.23.1&#8243; _module_preset=&#8221;9db863af-f8b9-4af8-b673-53e479d538c9&#8243; min_height=&#8221;77px&#8221; custom_padding=&#8221;||0px|||&#8221; global_colors_info=&#8221;{}&#8221;]<\/p>\n<p><span>This unforgettable and transformative full evening of ceremony and meditation has become a beloved tradition where we thank the year that has been and intentionally welcome the new.<\/span><\/p>\n<p>[\/et_pb_text][et_pb_button button_url=&#8221;https:\/\/www.condorsonqo.com\/helande-resor\/vintersolstand-i-sundsvall\/&#8221; url_new_window=&#8221;on&#8221; button_text=&#8221;Read more&#8221; _builder_version=&#8221;4.23.1&#8243; _module_preset=&#8221;default&#8221; global_colors_info=&#8221;{}&#8221;][\/et_pb_button][\/et_pb_column][\/et_pb_row][et_pb_row column_structure=&#8221;1_2,1_2&#8243; disabled_on=&#8221;off|off|off&#8221; _builder_version=&#8221;4.20.2&#8243; _module_preset=&#8221;default&#8221; width_tablet=&#8221;80%&#8221; width_phone=&#8221;90%&#8221; width_last_edited=&#8221;on|phone&#8221; max_width_tablet=&#8221;100vw&#8221; max_width_phone=&#8221;100vw&#8221; max_width_last_edited=&#8221;on|desktop&#8221; custom_padding=&#8221;20px||20px||true|false&#8221; global_colors_info=&#8221;{}&#8221;][et_pb_column type=&#8221;1_2&#8243; _builder_version=&#8221;4.16&#8243; _module_preset=&#8221;default&#8221; background_color=&#8221;#FFFFFF&#8221; custom_padding=&#8221;40px|40px|40px|40px|true|true&#8221; custom_padding_tablet=&#8221;40px|40px|40px|40px|true|true&#8221; custom_padding_phone=&#8221;30px|30px|30px|30px|true|true&#8221; custom_padding_last_edited=&#8221;on|phone&#8221; box_shadow_style=&#8221;preset2&#8243; box_shadow_horizontal=&#8221;10px&#8221; box_shadow_vertical=&#8221;10px&#8221; box_shadow_blur=&#8221;30px&#8221; global_colors_info=&#8221;{}&#8221;][et_pb_image src=&#8221;https:\/\/www.condorsonqo.com\/wp-content\/uploads\/2023\/02\/Zakynthos_Qero_Medicine_yoga.png&#8221; title_text=&#8221;Zakynthos_Qero_Medicine_yoga&#8221; _builder_version=&#8221;4.23.1&#8243; _module_preset=&#8221;default&#8221; min_height=&#8221;303.9px&#8221; global_colors_info=&#8221;{}&#8221;][\/et_pb_image][et_pb_text _builder_version=&#8221;4.25.2&#8243; _module_preset=&#8221;8d13f472-036b-450d-ba8d-3f25b51af669&#8243; global_colors_info=&#8221;{}&#8221;]<\/p>\n<p>YOGA &amp; HEALING RETREAT ON ZAKYNTHOS<\/p>\n<p>[\/et_pb_text][et_pb_text _builder_version=&#8221;4.19.5&#8243; _module_preset=&#8221;9db863af-f8b9-4af8-b673-53e479d538c9&#8243; min_height=&#8221;119px&#8221; global_colors_info=&#8221;{}&#8221;]<\/p>\n<p>A warm welcome to a journey beyond words with soft yet powerful kundalini yoga, soul-nourishing healing moments and of course sun and bathing, magical sunsets and wonderful food. In September, it takes off again when we extend the summer with a week in the olive groves. <\/p>\n<p>[\/et_pb_text][et_pb_button button_url=&#8221;https:\/\/www.condorsonqo.com\/om\/yoga-healingretreat-pa-zakynthos\/&#8221; button_text=&#8221;Read more&#8221; _builder_version=&#8221;4.20.2&#8243; _module_preset=&#8221;default&#8221; global_colors_info=&#8221;{}&#8221;][\/et_pb_button][\/et_pb_column][et_pb_column type=&#8221;1_2&#8243; _builder_version=&#8221;4.16&#8243; _module_preset=&#8221;default&#8221; background_color=&#8221;#FFFFFF&#8221; custom_padding=&#8221;40px|40px|40px|40px|true|true&#8221; custom_padding_tablet=&#8221;40px|40px|40px|40px|true|true&#8221; custom_padding_phone=&#8221;30px|30px|30px|30px|true|true&#8221; custom_padding_last_edited=&#8221;on|phone&#8221; box_shadow_style=&#8221;preset2&#8243; box_shadow_horizontal=&#8221;10px&#8221; box_shadow_vertical=&#8221;10px&#8221; box_shadow_blur=&#8221;30px&#8221; global_colors_info=&#8221;{}&#8221;][et_pb_image src=&#8221;https:\/\/www.condorsonqo.com\/wp-content\/uploads\/2023\/03\/Qero_Medicine_Yoga.jpg&#8221; title_text=&#8221;Qero_Medicine_Yoga&#8221; align=&#8221;center&#8221; _builder_version=&#8221;4.23.1&#8243; _module_preset=&#8221;default&#8221; module_alignment=&#8221;center&#8221; min_height=&#8221;239px&#8221; height=&#8221;306px&#8221; max_height=&#8221;1000px&#8221; custom_padding=&#8221;||||false|false&#8221; global_colors_info=&#8221;{}&#8221;][\/et_pb_image][et_pb_text _builder_version=&#8221;4.25.2&#8243; _module_preset=&#8221;8d13f472-036b-450d-ba8d-3f25b51af669&#8243; global_colors_info=&#8221;{}&#8221;]<\/p>\n<p>HEALING YOGA &amp; SHAMANIC RETREAT IN SUNDSVALL<\/p>\n<p>[\/et_pb_text][et_pb_text _builder_version=&#8221;4.19.5&#8243; _module_preset=&#8221;9db863af-f8b9-4af8-b673-53e479d538c9&#8243; global_colors_info=&#8221;{}&#8221;]<\/p>\n<p><span>A warm welcome to a healing yoga and shamanic retreat of healing, joy, mantras, yoga and ceremony at the scenic S\u00f6r\u00e5ker Herrg\u00e5rd. unforgettable days of landing in the depths of yourself. Getting to know a place where heart, brain and soul merge.  <\/span><\/p>\n<p>[\/et_pb_text][et_pb_button button_url=&#8221;https:\/\/www.condorsonqo.com\/helande-resor\/yoga-shamanskt-retreat\/&#8221; button_text=&#8221;Read more&#8221; _builder_version=&#8221;4.20.2&#8243; _module_preset=&#8221;default&#8221; global_colors_info=&#8221;{}&#8221;][\/et_pb_button][\/et_pb_column][\/et_pb_row][et_pb_row column_structure=&#8221;1_2,1_2&#8243; disabled_on=&#8221;off|off|off&#8221; _builder_version=&#8221;4.23.1&#8243; _module_preset=&#8221;default&#8221; width_tablet=&#8221;80%&#8221; width_phone=&#8221;90%&#8221; width_last_edited=&#8221;on|phone&#8221; max_width_tablet=&#8221;100vw&#8221; max_width_phone=&#8221;100vw&#8221; max_width_last_edited=&#8221;on|desktop&#8221; custom_padding=&#8221;20px||20px||true|false&#8221; global_colors_info=&#8221;{}&#8221;][et_pb_column type=&#8221;1_2&#8243; _builder_version=&#8221;4.16&#8243; _module_preset=&#8221;default&#8221; background_color=&#8221;#FFFFFF&#8221; custom_padding=&#8221;40px|40px|40px|40px|true|true&#8221; custom_padding_tablet=&#8221;40px|40px|40px|40px|true|true&#8221; custom_padding_phone=&#8221;30px|30px|30px|30px|true|true&#8221; custom_padding_last_edited=&#8221;on|phone&#8221; box_shadow_style=&#8221;preset2&#8243; box_shadow_horizontal=&#8221;10px&#8221; box_shadow_vertical=&#8221;10px&#8221; box_shadow_blur=&#8221;30px&#8221; global_colors_info=&#8221;{}&#8221;][et_pb_image src=&#8221;https:\/\/www.condorsonqo.com\/wp-content\/uploads\/2022\/09\/Startsida_vi_ar_inte_ma\u0308nnskliga&#8230;.png&#8221; title_text=&#8221;Qero_Medicine_Victor_Nature&#8221; align=&#8221;center&#8221; force_fullwidth=&#8221;on&#8221; _builder_version=&#8221;4.20.2&#8243; _module_preset=&#8221;default&#8221; min_height=&#8221;161.1px&#8221; custom_padding=&#8221;||60px|||&#8221; global_colors_info=&#8221;{}&#8221;][\/et_pb_image][et_pb_text _builder_version=&#8221;4.20.2&#8243; _module_preset=&#8221;8d13f472-036b-450d-ba8d-3f25b51af669&#8243; global_colors_info=&#8221;{}&#8221;]<\/p>\n<p>MAGICAL FULL DAY AT THE SUMMER SOLSTICE ON \u00c5RESKUTAN<\/p>\n<p>[\/et_pb_text][et_pb_text _builder_version=&#8221;4.19.5&#8243; _module_preset=&#8221;9db863af-f8b9-4af8-b673-53e479d538c9&#8243; min_height=&#8221;86px&#8221; custom_padding=&#8221;||0px|||&#8221; global_colors_info=&#8221;{}&#8221;]<\/p>\n<p>Each year it has become a tradition to hold an unforgettable and transformative full day of ceremony, healing and initiation. This time it will also be offered during the summer solstice. <\/p>\n<p>[\/et_pb_text][et_pb_button button_url=&#8221;https:\/\/www.condorsonqo.com\/om\/sommarsolstand-areskutan\/&#8221; button_text=&#8221;Read more&#8221; _builder_version=&#8221;4.20.2&#8243; _module_preset=&#8221;default&#8221; global_colors_info=&#8221;{}&#8221;][\/et_pb_button][\/et_pb_column][et_pb_column type=&#8221;1_2&#8243; _builder_version=&#8221;4.16&#8243; _module_preset=&#8221;default&#8221; background_color=&#8221;#FFFFFF&#8221; custom_padding=&#8221;40px|40px|40px|40px|true|true&#8221; custom_padding_tablet=&#8221;40px|40px|40px|40px|true|true&#8221; custom_padding_phone=&#8221;30px|30px|30px|30px|true|true&#8221; custom_padding_last_edited=&#8221;on|phone&#8221; box_shadow_style=&#8221;preset2&#8243; box_shadow_horizontal=&#8221;10px&#8221; box_shadow_vertical=&#8221;10px&#8221; box_shadow_blur=&#8221;30px&#8221; global_colors_info=&#8221;{}&#8221;][et_pb_image src=&#8221;https:\/\/www.condorsonqo.com\/wp-content\/uploads\/2023\/02\/Qero_medicine_Amazonas.png&#8221; title_text=&#8221;Qero_medicine_Amazonas&#8221; align=&#8221;center&#8221; _builder_version=&#8221;4.23.1&#8243; _module_preset=&#8221;default&#8221; min_height=&#8221;234.3px&#8221; height=&#8221;585px&#8221; custom_padding=&#8221;||0px|||&#8221; global_colors_info=&#8221;{}&#8221;][\/et_pb_image][\/et_pb_column][\/et_pb_row][\/et_pb_section]<\/p>\n","protected":false},"excerpt":{"rendered":"<p>We offer annual sacred and healing journeys, both to the source of our tradition; the Andes and Peru, but also yoga retreats both to Sundsvall and sunny Zakynthos. We also celebrate the winter and summer solstices together in different places in Sweden. We welcome you to find your inner self, take care of yourself and walk your spiritual path on one of our journeys.   <\/p>\n","protected":false},"author":3,"featured_media":1612,"parent":0,"menu_order":0,"comment_status":"closed","ping_status":"closed","template":"","meta":{"_et_pb_use_builder":"on","_et_pb_old_content":"","_et_gb_content_width":"","_monsterinsights_skip_tracking":false,"_monsterinsights_sitenote_active":false,"_monsterinsights_sitenote_note":"","_monsterinsights_sitenote_category":0,"_uf_show_specific_survey":0,"_uf_disable_surveys":false,"footnotes":""},"class_list":["post-4975","page","type-page","status-publish","has-post-thumbnail","hentry"],"yoast_head":"<!-- This site is optimized with the Yoast SEO plugin v27.5 - https:\/\/yoast.com\/product\/yoast-seo-wordpress\/ -->\n<title>Healing journeys and yoga retreats | CondorSonqo<\/title>\n<meta name=\"description\" content=\"We offer sacred, healing journeys. Both to the source of our tradition; the Andes and Peru, but also yoga retreats to Sundsvall and Zakynthos.\" \/>\n<meta name=\"robots\" content=\"index, follow, max-snippet:-1, max-image-preview:large, max-video-preview:-1\" \/>\n<link rel=\"canonical\" href=\"https:\/\/www.condorsonqo.com\/en\/journeys-retreats\/\" \/>\n<meta property=\"og:locale\" content=\"en_US\" \/>\n<meta property=\"og:type\" content=\"article\" \/>\n<meta property=\"og:title\" content=\"Healing journeys and yoga retreats | CondorSonqo\" \/>\n<meta property=\"og:description\" content=\"We offer sacred, healing journeys. Both to the source of our tradition; the Andes and Peru, but also yoga retreats to Sundsvall and Zakynthos.\" \/>\n<meta property=\"og:url\" content=\"https:\/\/www.condorsonqo.com\/en\/journeys-retreats\/\" \/>\n<meta property=\"og:site_name\" content=\"CondorSonqo\" \/>\n<meta property=\"article:publisher\" content=\"https:\/\/www.facebook.com\/Qeromedicine\" \/>\n<meta property=\"article:modified_time\" content=\"2025-03-23T18:56:42+00:00\" \/>\n<meta property=\"og:image\" content=\"https:\/\/www.condorsonqo.com\/wp-content\/uploads\/2023\/04\/Andes_Peru_Qero_Medicne.png\" \/>\n\t<meta property=\"og:image:width\" content=\"1200\" \/>\n\t<meta property=\"og:image:height\" content=\"900\" \/>\n\t<meta property=\"og:image:type\" content=\"image\/png\" \/>\n<meta name=\"twitter:card\" content=\"summary_large_image\" \/>\n<meta name=\"twitter:label1\" content=\"Est. reading time\" \/>\n\t<meta name=\"twitter:data1\" content=\"9 minutes\" \/>\n<script type=\"application\/ld+json\" class=\"yoast-schema-graph\">{\"@context\":\"https:\\\/\\\/schema.org\",\"@graph\":[{\"@type\":\"WebPage\",\"@id\":\"https:\\\/\\\/www.condorsonqo.com\\\/en\\\/journeys-retreats\\\/\",\"url\":\"https:\\\/\\\/www.condorsonqo.com\\\/en\\\/journeys-retreats\\\/\",\"name\":\"Healing journeys and yoga retreats | CondorSonqo\",\"isPartOf\":{\"@id\":\"https:\\\/\\\/www.condorsonqo.com\\\/en\\\/#website\"},\"primaryImageOfPage\":{\"@id\":\"https:\\\/\\\/www.condorsonqo.com\\\/en\\\/journeys-retreats\\\/#primaryimage\"},\"image\":{\"@id\":\"https:\\\/\\\/www.condorsonqo.com\\\/en\\\/journeys-retreats\\\/#primaryimage\"},\"thumbnailUrl\":\"https:\\\/\\\/www.condorsonqo.com\\\/wp-content\\\/uploads\\\/2023\\\/04\\\/Andes_Peru_Qero_Medicne.png\",\"datePublished\":\"2023-01-26T17:46:39+00:00\",\"dateModified\":\"2025-03-23T18:56:42+00:00\",\"description\":\"We offer sacred, healing journeys. Both to the source of our tradition; the Andes and Peru, but also yoga retreats to Sundsvall and Zakynthos.\",\"breadcrumb\":{\"@id\":\"https:\\\/\\\/www.condorsonqo.com\\\/en\\\/journeys-retreats\\\/#breadcrumb\"},\"inLanguage\":\"en-US\",\"potentialAction\":[{\"@type\":\"ReadAction\",\"target\":[\"https:\\\/\\\/www.condorsonqo.com\\\/en\\\/journeys-retreats\\\/\"]}]},{\"@type\":\"ImageObject\",\"inLanguage\":\"en-US\",\"@id\":\"https:\\\/\\\/www.condorsonqo.com\\\/en\\\/journeys-retreats\\\/#primaryimage\",\"url\":\"https:\\\/\\\/www.condorsonqo.com\\\/wp-content\\\/uploads\\\/2023\\\/04\\\/Andes_Peru_Qero_Medicne.png\",\"contentUrl\":\"https:\\\/\\\/www.condorsonqo.com\\\/wp-content\\\/uploads\\\/2023\\\/04\\\/Andes_Peru_Qero_Medicne.png\",\"width\":1200,\"height\":900,\"caption\":\"\\\"Titikakasj\u00f6n, healing och personlig utveckling\\\"\"},{\"@type\":\"BreadcrumbList\",\"@id\":\"https:\\\/\\\/www.condorsonqo.com\\\/en\\\/journeys-retreats\\\/#breadcrumb\",\"itemListElement\":[{\"@type\":\"ListItem\",\"position\":1,\"name\":\"Hem\",\"item\":\"https:\\\/\\\/www.condorsonqo.com\\\/en\\\/\"},{\"@type\":\"ListItem\",\"position\":2,\"name\":\"Journeys &amp; retreats\"}]},{\"@type\":\"WebSite\",\"@id\":\"https:\\\/\\\/www.condorsonqo.com\\\/en\\\/#website\",\"url\":\"https:\\\/\\\/www.condorsonqo.com\\\/en\\\/\",\"name\":\"CondorSonqo\",\"description\":\"Bakom varje problem finns en andlig l\u00f6sning\",\"publisher\":{\"@id\":\"https:\\\/\\\/www.condorsonqo.com\\\/en\\\/#organization\"},\"potentialAction\":[{\"@type\":\"SearchAction\",\"target\":{\"@type\":\"EntryPoint\",\"urlTemplate\":\"https:\\\/\\\/www.condorsonqo.com\\\/en\\\/?s={search_term_string}\"},\"query-input\":{\"@type\":\"PropertyValueSpecification\",\"valueRequired\":true,\"valueName\":\"search_term_string\"}}],\"inLanguage\":\"en-US\"},{\"@type\":\"Organization\",\"@id\":\"https:\\\/\\\/www.condorsonqo.com\\\/en\\\/#organization\",\"name\":\"CondorSonqo\",\"url\":\"https:\\\/\\\/www.condorsonqo.com\\\/en\\\/\",\"logo\":{\"@type\":\"ImageObject\",\"inLanguage\":\"en-US\",\"@id\":\"https:\\\/\\\/www.condorsonqo.com\\\/en\\\/#\\\/schema\\\/logo\\\/image\\\/\",\"url\":\"https:\\\/\\\/www.condorsonqo.com\\\/wp-content\\\/uploads\\\/2025\\\/07\\\/CondorSonqo_logo_kondor-sv.png\",\"contentUrl\":\"https:\\\/\\\/www.condorsonqo.com\\\/wp-content\\\/uploads\\\/2025\\\/07\\\/CondorSonqo_logo_kondor-sv.png\",\"width\":1000,\"height\":758,\"caption\":\"CondorSonqo\"},\"image\":{\"@id\":\"https:\\\/\\\/www.condorsonqo.com\\\/en\\\/#\\\/schema\\\/logo\\\/image\\\/\"},\"sameAs\":[\"https:\\\/\\\/www.facebook.com\\\/Qeromedicine\",\"https:\\\/\\\/www.instagram.com\\\/condorsonqo\"]}]}<\/script>\n<!-- \/ Yoast SEO plugin. -->","yoast_head_json":{"title":"Healing journeys and yoga retreats | CondorSonqo","description":"We offer sacred, healing journeys. Both to the source of our tradition; the Andes and Peru, but also yoga retreats to Sundsvall and Zakynthos.","robots":{"index":"index","follow":"follow","max-snippet":"max-snippet:-1","max-image-preview":"max-image-preview:large","max-video-preview":"max-video-preview:-1"},"canonical":"https:\/\/www.condorsonqo.com\/en\/journeys-retreats\/","og_locale":"en_US","og_type":"article","og_title":"Healing journeys and yoga retreats | CondorSonqo","og_description":"We offer sacred, healing journeys. Both to the source of our tradition; the Andes and Peru, but also yoga retreats to Sundsvall and Zakynthos.","og_url":"https:\/\/www.condorsonqo.com\/en\/journeys-retreats\/","og_site_name":"CondorSonqo","article_publisher":"https:\/\/www.facebook.com\/Qeromedicine","article_modified_time":"2025-03-23T18:56:42+00:00","og_image":[{"width":1200,"height":900,"url":"https:\/\/www.condorsonqo.com\/wp-content\/uploads\/2023\/04\/Andes_Peru_Qero_Medicne.png","type":"image\/png"}],"twitter_card":"summary_large_image","twitter_misc":{"Est. reading time":"9 minutes"},"schema":{"@context":"https:\/\/schema.org","@graph":[{"@type":"WebPage","@id":"https:\/\/www.condorsonqo.com\/en\/journeys-retreats\/","url":"https:\/\/www.condorsonqo.com\/en\/journeys-retreats\/","name":"Healing journeys and yoga retreats | CondorSonqo","isPartOf":{"@id":"https:\/\/www.condorsonqo.com\/en\/#website"},"primaryImageOfPage":{"@id":"https:\/\/www.condorsonqo.com\/en\/journeys-retreats\/#primaryimage"},"image":{"@id":"https:\/\/www.condorsonqo.com\/en\/journeys-retreats\/#primaryimage"},"thumbnailUrl":"https:\/\/www.condorsonqo.com\/wp-content\/uploads\/2023\/04\/Andes_Peru_Qero_Medicne.png","datePublished":"2023-01-26T17:46:39+00:00","dateModified":"2025-03-23T18:56:42+00:00","description":"We offer sacred, healing journeys. Both to the source of our tradition; the Andes and Peru, but also yoga retreats to Sundsvall and Zakynthos.","breadcrumb":{"@id":"https:\/\/www.condorsonqo.com\/en\/journeys-retreats\/#breadcrumb"},"inLanguage":"en-US","potentialAction":[{"@type":"ReadAction","target":["https:\/\/www.condorsonqo.com\/en\/journeys-retreats\/"]}]},{"@type":"ImageObject","inLanguage":"en-US","@id":"https:\/\/www.condorsonqo.com\/en\/journeys-retreats\/#primaryimage","url":"https:\/\/www.condorsonqo.com\/wp-content\/uploads\/2023\/04\/Andes_Peru_Qero_Medicne.png","contentUrl":"https:\/\/www.condorsonqo.com\/wp-content\/uploads\/2023\/04\/Andes_Peru_Qero_Medicne.png","width":1200,"height":900,"caption":"\"Titikakasj\u00f6n, healing och personlig utveckling\""},{"@type":"BreadcrumbList","@id":"https:\/\/www.condorsonqo.com\/en\/journeys-retreats\/#breadcrumb","itemListElement":[{"@type":"ListItem","position":1,"name":"Hem","item":"https:\/\/www.condorsonqo.com\/en\/"},{"@type":"ListItem","position":2,"name":"Journeys &amp; retreats"}]},{"@type":"WebSite","@id":"https:\/\/www.condorsonqo.com\/en\/#website","url":"https:\/\/www.condorsonqo.com\/en\/","name":"CondorSonqo","description":"Bakom varje problem finns en andlig l\u00f6sning","publisher":{"@id":"https:\/\/www.condorsonqo.com\/en\/#organization"},"potentialAction":[{"@type":"SearchAction","target":{"@type":"EntryPoint","urlTemplate":"https:\/\/www.condorsonqo.com\/en\/?s={search_term_string}"},"query-input":{"@type":"PropertyValueSpecification","valueRequired":true,"valueName":"search_term_string"}}],"inLanguage":"en-US"},{"@type":"Organization","@id":"https:\/\/www.condorsonqo.com\/en\/#organization","name":"CondorSonqo","url":"https:\/\/www.condorsonqo.com\/en\/","logo":{"@type":"ImageObject","inLanguage":"en-US","@id":"https:\/\/www.condorsonqo.com\/en\/#\/schema\/logo\/image\/","url":"https:\/\/www.condorsonqo.com\/wp-content\/uploads\/2025\/07\/CondorSonqo_logo_kondor-sv.png","contentUrl":"https:\/\/www.condorsonqo.com\/wp-content\/uploads\/2025\/07\/CondorSonqo_logo_kondor-sv.png","width":1000,"height":758,"caption":"CondorSonqo"},"image":{"@id":"https:\/\/www.condorsonqo.com\/en\/#\/schema\/logo\/image\/"},"sameAs":["https:\/\/www.facebook.com\/Qeromedicine","https:\/\/www.instagram.com\/condorsonqo"]}]}},"_links":{"self":[{"href":"https:\/\/www.condorsonqo.com\/en\/wp-json\/wp\/v2\/pages\/4975","targetHints":{"allow":["GET"]}}],"collection":[{"href":"https:\/\/www.condorsonqo.com\/en\/wp-json\/wp\/v2\/pages"}],"about":[{"href":"https:\/\/www.condorsonqo.com\/en\/wp-json\/wp\/v2\/types\/page"}],"author":[{"embeddable":true,"href":"https:\/\/www.condorsonqo.com\/en\/wp-json\/wp\/v2\/users\/3"}],"replies":[{"embeddable":true,"href":"https:\/\/www.condorsonqo.com\/en\/wp-json\/wp\/v2\/comments?post=4975"}],"version-history":[{"count":2,"href":"https:\/\/www.condorsonqo.com\/en\/wp-json\/wp\/v2\/pages\/4975\/revisions"}],"predecessor-version":[{"id":4977,"href":"https:\/\/www.condorsonqo.com\/en\/wp-json\/wp\/v2\/pages\/4975\/revisions\/4977"}],"wp:featuredmedia":[{"embeddable":true,"href":"https:\/\/www.condorsonqo.com\/en\/wp-json\/wp\/v2\/media\/1612"}],"wp:attachment":[{"href":"https:\/\/www.condorsonqo.com\/en\/wp-json\/wp\/v2\/media?parent=4975"}],"curies":[{"name":"wp","href":"https:\/\/api.w.org\/{rel}","templated":true}]}}